{"id":10,"date":"2020-04-06T16:08:38","date_gmt":"2020-04-06T13:08:38","guid":{"rendered":"http:\/\/www.netsarli.net\/taidekuja\/?page_id=10"},"modified":"2020-04-08T13:34:05","modified_gmt":"2020-04-08T10:34:05","slug":"liity-taidekujalaiseksi","status":"publish","type":"page","link":"http:\/\/www.netsarli.net\/taidekuja\/liity-taidekujalaiseksi\/","title":{"rendered":"Liity taidekujalaiseksi"},"content":{"rendered":"\n<p class=\"has-large-font-size quicksand\"><strong>Liittymislomake\u2122<\/strong><\/p>\n\n\n\n<p><strong>T\u00e4yt\u00e4th\u00e4n kaikki kohdat ja erityisesti osoitteet\/tunnukset huolellisesti, koska et pysty tekem\u00e4\u00e4n itse muokkauksia lomakkeen l\u00e4hetetty\u00e4si<\/strong>!<\/p>\n\n\n\n<p class=\"quicksand\"><a rel=\"noreferrer noopener\" href=\"http:\/\/www.netsarli.net\/taidekuja\/wp-content\/uploads\/2020\/04\/esko-esimerkki.jpg\" target=\"_blank\">ESIMERKKI ILMOITUKSESTA<\/a> \/ <a href=\"http:\/\/www.netsarli.net\/taidekuja\/wp-content\/uploads\/2020\/04\/esko-example.jpg\" target=\"_blank\" rel=\"noreferrer noopener\">EXAMPLE IN ENGLISH<\/a><\/p>\n\n\n\n<blockquote class=\"wp-block-quote\"><p>\u2606 <strong>URL-kohtaan<\/strong> kannattaa laittaa sen paikan osoite, jossa aktiivisimmin myyt tai ilmoitat myymist\u00e4si tuotteista. Voit halutessasi mainita vapaamuotoisen kuvauksen yhteydess\u00e4 muutkin myynnin kannalta olennaiset osoitteet ja\/tai somekanavat.<\/p><\/blockquote>\n\n\n\n<blockquote class=\"wp-block-quote\"><p>\u2606 <strong>Tittelisi<\/strong> voivat olla ammattimaisia tai hassuttelevia, kunhan ne kuvaavat sinua!<\/p><\/blockquote>\n\n\n\n<blockquote class=\"wp-block-quote\"><p>\u2606 <strong>Avainsanat<\/strong> on tarkoitettu helpottamaan tiettyjen tuotteiden tai samanhenkisten ihmisten l\u00f6yt\u00e4mist\u00e4.<\/p><\/blockquote>\n\n\n\n<blockquote class=\"wp-block-quote\"><p>\u2606 <strong>Esittelykuvassa<\/strong> luovuus on sallittua, kunhan kuva ei sis\u00e4ll\u00e4 laitonta tai K18-materiaalia.<\/p><\/blockquote>\n\n\n\n\n<!-- User Submitted Posts @ https:\/\/m0n.co\/usp -->\n\n<div id=\"user-submitted-posts\">\n\t\t\n\t<form id=\"usp_form\" method=\"post\" enctype=\"multipart\/form-data\" action=\"\">\n\t\t<div id=\"usp-error-message\" class=\"usp-callout-failure usp-hidden\">Ole hyv\u00e4 ja t\u00e4yt\u00e4 kaikki kent\u00e4t.<\/div>\n\t\t\t\t\n\t\t<fieldset class=\"usp-name\">\n\t\t\t<label for=\"user-submitted-name\">Nimesi \/ Your name<\/label>\n\t\t\t<input id=\"user-submitted-name\" name=\"user-submitted-name\" type=\"text\" value=\"\" placeholder=\"Nimesi ja\/tai nimimerkkisi tai ryhm\u00e4si nimi\" data-required=\"true\" required class=\"usp-input\">\n\t\t<\/fieldset>\n\t\t\t\t\n\t\t<fieldset class=\"usp-url\">\n\t\t\t<label for=\"user-submitted-url\">Webshop\/Portfolio URL<\/label>\n\t\t\t<input id=\"user-submitted-url\" name=\"user-submitted-url\" type=\"url\" data-parsley-type=\"url\" value=\"\" placeholder=\"Esim. http:\/\/sivusto.com\" data-required=\"true\" required class=\"usp-input\">\n\t\t<\/fieldset>\n\t\t\t\t\n\t\t<fieldset class=\"usp-title\">\n\t\t\t<label for=\"user-submitted-title\">Tittelisi \/ Your title\/profession<\/label>\n\t\t\t<input id=\"user-submitted-title\" name=\"user-submitted-title\" type=\"text\" value=\"\" placeholder=\"Esim. Sarjakuvataiteilija, anarkisti, el\u00e4m\u00e4ntapaintiaani\" data-required=\"true\" required class=\"usp-input\">\n\t\t<\/fieldset>\n\t\t\t\t\t\t\n\t\t<fieldset class=\"usp-tags\">\n\t\t\t<label for=\"user-submitted-tags\">Avainsanat \/ Tags<\/label>\n\t\t\t<input id=\"user-submitted-tags\" name=\"user-submitted-tags\" type=\"text\" value=\"\" placeholder=\"Esim. tarroja, kortteja, lgbt, Patreon\" data-required=\"true\" required class=\"usp-input\">\n\t\t<\/fieldset>\n\t\t\t\t\t\t\n\t\t<fieldset class=\"usp-captcha\">\n\t\t\t<label for=\"user-submitted-captcha\">Mik\u00e4 el\u00e4in sanoo miau? \/ Write cat in Finnish<\/label>\n\t\t\t<input id=\"user-submitted-captcha\" name=\"user-submitted-captcha\" type=\"text\" value=\"\" placeholder=\"Vastaus antispam-kysymykseen\" data-required=\"true\" required class=\"usp-input user-submitted-captcha\" data-parsley-excluded=\"true\">\n\t\t<\/fieldset>\n\t\t\t\t\n\t\t<fieldset class=\"usp-content\">\n\t\t\t\t\t\t\t\n\t\t\t<label for=\"user-submitted-content\">Vapaamuotoinen kuvaus \/ Tell us about yourself<\/label>\n\t\t\t<textarea id=\"user-submitted-content\" name=\"user-submitted-content\" rows=\"5\" placeholder=\"Esim. kuka olet tai mit\u00e4 parhaillaan\/tulevaisuudessa myyt. Voit halutessasi my\u00f6s listata muut mahdolliset nettikauppasi tai mainita k\u00e4ytt\u00e4j\u00e4tunnuksesi eri sosiaalisen median kanavissa\" data-required=\"true\" required class=\"usp-textarea\"><\/textarea>\n\t\t\t\t\t\t\n\t\t<\/fieldset>\n\t\t\t\t\t\t\n\t\t<fieldset class=\"usp-images\">\n\t\t\t<label for=\"user-submitted-image\">Lataa kuva \/ Upload an image<\/label>\n\t\t\t<div id=\"usp-upload-message\">HUOM! Kuva saa olla maksimissaan 1500px leve\u00e4\/korkea. Mik\u00e4li lataat v\u00e4\u00e4r\u00e4nlaisen kuvan, lomake nollaantuu. Varo siis vaaraa!\r\n\/\r\nATTENTION! Maximum image width and height is 1500px. If the picture you upload is bigger than that the form will reset, so be careful!<\/div>\n\t\t\t<div id=\"user-submitted-image\">\n\t\t\t\t\t\t\t\t\t\t\t\t\t\n\t\t\t\t<input name=\"user-submitted-image[]\" type=\"file\" size=\"25\" data-required=\"true\" required class=\"usp-input usp-clone\">\n\t\t\t\t\t\t\t\t\t\t\t\t\t\t\t\n\t\t\t<\/div>\n\t\t\t<input type=\"hidden\" class=\"usp-hidden\" id=\"usp-min-images\" name=\"usp-min-images\" value=\"1\">\n\t\t\t<input type=\"hidden\" class=\"usp-hidden\" id=\"usp-max-images\" name=\"usp-max-images\" value=\"1\">\n\t\t<\/fieldset>\n\t\t\t\t\t\t\n\t\t<fieldset id=\"usp_verify\" style=\"display:none;\">\n\t\t\t<label for=\"user-submitted-verify\">Human verification: leave this field empty.<\/label>\n\t\t\t<input id=\"user-submitted-verify\" name=\"user-submitted-verify\" type=\"text\" value=\"\" data-parsley-excluded=\"true\">\n\t\t<\/fieldset>\n\t\t\n\t\t\t\t\n\t\t<div id=\"usp-submit\">\n\t\t\t\t\t\t\n\t\t\t<input type=\"hidden\" class=\"usp-hidden\" name=\"redirect-override\" value=\"http:\/\/www.netsarli.net\/taidekuja\/kiitos\/\">\n\t\t\t\t\t\t\t\t\t\t\t\t\t\t\t\t\t\t\n\t\t\t<input type=\"submit\" class=\"usp-submit\" id=\"user-submitted-post\" name=\"user-submitted-post\" value=\"L\u00e4het\u00e4\">\n\t\t\t<input type=\"hidden\" id=\"usp-nonce\" name=\"usp-nonce\" value=\"fcc64f9653\" \/>\t\t\t\n\t\t<\/div>\n\t\t\n\t<\/form>\n<\/div>\n<script>(function(){var e = document.getElementById('usp_verify'); if(e) e.parentNode.removeChild(e);})();<\/script>\n\n\n","protected":false},"excerpt":{"rendered":"<p>Liittymislomake\u2122 T\u00e4yt\u00e4th\u00e4n kaikki kohdat ja erityisesti osoitteet\/tunnukset huolellisesti, koska et pysty tekem\u00e4\u00e4n itse muokkauksia lomakkeen l\u00e4hetetty\u00e4si! ESIMERKKI ILMOITUKSESTA \/ EXAMPLE IN ENGLISH \u2606 URL-kohtaan kannattaa laittaa sen paikan osoite, jossa aktiivisimmin myyt tai ilmoitat myymist\u00e4si tuotteista. Voit halutessasi mainita vapaamuotoisen kuvauksen yhteydess\u00e4 muutkin myynnin kannalta olennaiset osoitteet ja\/tai somekanavat. \u2606 Tittelisi voivat olla ammattimaisia tai [&hellip;]<\/p>\n","protected":false},"author":1,"featured_media":0,"parent":0,"menu_order":0,"comment_status":"closed","ping_status":"closed","template":"","meta":[],"_links":{"self":[{"href":"http:\/\/www.netsarli.net\/taidekuja\/wp-json\/wp\/v2\/pages\/10"}],"collection":[{"href":"http:\/\/www.netsarli.net\/taidekuja\/wp-json\/wp\/v2\/pages"}],"about":[{"href":"http:\/\/www.netsarli.net\/taidekuja\/wp-json\/wp\/v2\/types\/page"}],"author":[{"embeddable":true,"href":"http:\/\/www.netsarli.net\/taidekuja\/wp-json\/wp\/v2\/users\/1"}],"replies":[{"embeddable":true,"href":"http:\/\/www.netsarli.net\/taidekuja\/wp-json\/wp\/v2\/comments?post=10"}],"version-history":[{"count":18,"href":"http:\/\/www.netsarli.net\/taidekuja\/wp-json\/wp\/v2\/pages\/10\/revisions"}],"predecessor-version":[{"id":100,"href":"http:\/\/www.netsarli.net\/taidekuja\/wp-json\/wp\/v2\/pages\/10\/revisions\/100"}],"wp:attachment":[{"href":"http:\/\/www.netsarli.net\/taidekuja\/wp-json\/wp\/v2\/media?parent=10"}],"curies":[{"name":"wp","href":"https:\/\/api.w.org\/{rel}","templated":true}]}}