{"id":50,"date":"2020-04-07T17:41:06","date_gmt":"2020-04-07T14:41:06","guid":{"rendered":"http:\/\/www.netsarli.net\/taidekuja\/?page_id=50"},"modified":"2020-04-19T13:50:16","modified_gmt":"2020-04-19T10:50:16","slug":"info","status":"publish","type":"page","link":"https:\/\/www.netsarli.net\/taidekuja\/info\/","title":{"rendered":"Info"},"content":{"rendered":"\n<p class=\"has-large-font-size quicksand\"><strong>Mik\u00e4 ihmeen &#8221;Taidekuja&#8221;?<\/strong><\/p>\n\n\n\n<p class=\"has-medium-font-size\">Taidekuja (eng. Artists Alley) on yleens\u00e4 erilaisten kulttuuritapahtumien yhteydess\u00e4 oleva tila, jossa taiteilijat ja k\u00e4sity\u00f6l\u00e4iset esittelev\u00e4t ja myyv\u00e4t t\u00f6it\u00e4\u00e4n, ottavat vastaan tilaust\u00f6it\u00e4, tapaavat fanejaan ja verkostoituvat. Taidekujapaikka varataan usein jo kuukausia etuk\u00e4teen, jolloin alkavat my\u00f6s valmistelut, esimerkiksi sarjakuvakirjojen painattaminen tai taideprinttien tulostaminen.<\/p>\n\n\n\n<hr class=\"wp-block-separator\"\/>\n\n\n\n<p class=\"has-medium-font-size quicksand\"><strong>Mik\u00e4 t\u00e4m\u00e4n sivuston tarkoitus on?<\/strong><\/p>\n\n\n\n<p class=\"has-medium-font-size\">Koska nykyisen korona-tilanteen vuoksi kaikki kev\u00e4\u00e4n tapahtumat ja moni kes\u00e4n tapahtuma on peruutettu, on moni taidekujaan valmistautunut taiteilija joutunut ik\u00e4v\u00e4\u00e4n tilanteeseen: tuotteiden myyminen verkon kautta on monesti huomattavasti haastavampaa kuin fyysisen myyntip\u00f6yd\u00e4n \u00e4\u00e4relt\u00e4. T\u00e4m\u00e4n sivuston tarkoitus onkin helpottaa tilannetta tarjoamalla mahdollisuus ilmaiselle n\u00e4kyvyydelle.<\/p>\n\n\n\n<hr class=\"wp-block-separator\"\/>\n\n\n\n<p class=\"has-medium-font-size quicksand\"> <strong>Myyd\u00e4\u00e4nk\u00f6 t\u00e4\u00e4ll\u00e4 jotakin?<\/strong><\/p>\n\n\n\n<p class=\"has-medium-font-size\">T\u00e4ll\u00e4 sivulla itsess\u00e4\u00e4n ei tapahdu myynti\u00e4, mutta t\u00e4m\u00e4n sivun kautta on mahdollista p\u00e4\u00e4st\u00e4 taiteilijoiden omille myyntisivuille.<\/p>\n\n\n\n<hr class=\"wp-block-separator\"\/>\n\n\n\n<p class=\"has-medium-font-size quicksand\"><strong><strong>Kuka saa ilmoittautua taidekujalaiseksi?<\/strong><\/strong><\/p>\n\n\n\n<p class=\"has-medium-font-size\">Sivusto on suunnattu ensisijaisesti kaikenkarvaisille sarjakuvantekij\u00f6ille, jotka myyv\u00e4t verkon kautta tuotteitaan, mutta toki muutkin taiteilijat ja k\u00e4sity\u00f6l\u00e4iset ovat tervetulleita! \ud83d\ude42<\/p>\n\n\n\n<hr class=\"wp-block-separator\"\/>\n\n\n\n<p class=\"has-medium-font-size quicksand\"><strong><strong>K\u00c4\u00c4K! Tiedoissani on virhe! Tai: Haluan muuttaa tietojan<\/strong><\/strong>i<\/p>\n\n\n\n<p class=\"has-medium-font-size\">L\u00e4het\u00e4 viesti\u00e4 <a href=\"http:\/\/www.netsarli.net\/taidekuja\/ota-yhteytta\/\">yhteydenottolomakkeen<\/a> kautta, niin selvitet\u00e4\u00e4n asia!<\/p>\n\n\n\n<hr class=\"wp-block-separator\"\/>\n\n\n\n<p class=\"has-medium-font-size\"><strong><strong>Kuka on sivuston takana?<\/strong><\/strong><\/p>\n\n\n\n<p>Alkuper\u00e4isen idean taidetyyppien listaamiseen sai <a rel=\"noreferrer noopener\" href=\"https:\/\/perhozlapsi.wixsite.com\/portfolio\" target=\"_blank\">Laura (Perhoslapsi)<\/a>, joka toimi mukana sivuston kehitysty\u00f6ss\u00e4 ja vastaa nyt Taidekujan sosiaalisen median kanavista. Sivuston koodauksen teki <a href=\"http:\/\/marionette-ninja.org\">Hilda (Linnunhymy)<\/a>, joka h\u00e4\u00e4r\u00e4\u00e4 sivuston yll\u00e4pit\u00e4j\u00e4n\u00e4 ja katsoo, ett\u00e4 lista pelitt\u00e4\u00e4 niin kuin kuuluukin. Iso kiitos my\u00f6s <a rel=\"noreferrer noopener\" href=\"https:\/\/gumroad.com\/digicomix\" target=\"_blank\">H-P Lehkoiselle<\/a>, joka toi meid\u00e4t yhteen ja siten potkaisi koko projektin liikkeelle. \ud83d\ude42<\/p>\n","protected":false},"excerpt":{"rendered":"<p>Mik\u00e4 ihmeen &#8221;Taidekuja&#8221;? Taidekuja (eng. Artists Alley) on yleens\u00e4 erilaisten kulttuuritapahtumien yhteydess\u00e4 oleva tila, jossa taiteilijat ja k\u00e4sity\u00f6l\u00e4iset esittelev\u00e4t ja myyv\u00e4t t\u00f6it\u00e4\u00e4n, ottavat vastaan tilaust\u00f6it\u00e4, tapaavat fanejaan ja verkostoituvat. Taidekujapaikka varataan usein jo kuukausia etuk\u00e4teen, jolloin alkavat my\u00f6s valmistelut, esimerkiksi sarjakuvakirjojen painattaminen tai taideprinttien tulostaminen. Mik\u00e4 t\u00e4m\u00e4n sivuston tarkoitus on? Koska nykyisen korona-tilanteen vuoksi kaikki [&hellip;]<\/p>\n","protected":false},"author":1,"featured_media":0,"parent":0,"menu_order":0,"comment_status":"closed","ping_status":"closed","template":"","meta":[],"_links":{"self":[{"href":"https:\/\/www.netsarli.net\/taidekuja\/wp-json\/wp\/v2\/pages\/50"}],"collection":[{"href":"https:\/\/www.netsarli.net\/taidekuja\/wp-json\/wp\/v2\/pages"}],"about":[{"href":"https:\/\/www.netsarli.net\/taidekuja\/wp-json\/wp\/v2\/types\/page"}],"author":[{"embeddable":true,"href":"https:\/\/www.netsarli.net\/taidekuja\/wp-json\/wp\/v2\/users\/1"}],"replies":[{"embeddable":true,"href":"https:\/\/www.netsarli.net\/taidekuja\/wp-json\/wp\/v2\/comments?post=50"}],"version-history":[{"count":13,"href":"https:\/\/www.netsarli.net\/taidekuja\/wp-json\/wp\/v2\/pages\/50\/revisions"}],"predecessor-version":[{"id":286,"href":"https:\/\/www.netsarli.net\/taidekuja\/wp-json\/wp\/v2\/pages\/50\/revisions\/286"}],"wp:attachment":[{"href":"https:\/\/www.netsarli.net\/taidekuja\/wp-json\/wp\/v2\/media?parent=50"}],"curies":[{"name":"wp","href":"https:\/\/api.w.org\/{rel}","templated":true}]}}